{"id":850,"date":"2023-10-06T12:06:06","date_gmt":"2023-10-06T11:06:06","guid":{"rendered":"https:\/\/www.ito-one.com\/photo-gallery-ii\/"},"modified":"2024-05-31T14:12:03","modified_gmt":"2024-05-31T13:12:03","slug":"galerie","status":"publish","type":"page","link":"https:\/\/www.ito-one.com\/fr\/galerie\/","title":{"rendered":"Galerie"},"content":{"rendered":"<section class=\"wpb-content-wrapper\"><p>[vc_row][vc_column]<h3 class=\"sohohotel-title-20px sohohotel-clearfix sohohotel-title-left\">Notre galerie<\/h3>[vc_column_text]Visitez notre galerie de photos pour une vue d&rsquo;ensemble de l&rsquo;h\u00f4tel ITO one, situ\u00e9 en Corse, surplombant la baie de Pinarello. Nos photos r\u00e9centes pr\u00e9sentent \u00e0 la fois les int\u00e9rieurs et ext\u00e9rieurs de l&rsquo;\u00e9tablissement, capturant l&rsquo;architecture moderne et les \u00e9quipements de luxe tels que la piscine et le jacuzzi. Les images montrent \u00e9galement les chambres offrant des vues imprenables sur la mer, id\u00e9ales pour la d\u00e9tente. Explorez les espaces communs et priv\u00e9s de l&rsquo;h\u00f4tel \u00e0 travers ces visuels pour appr\u00e9cier le cadre et l&rsquo;ambiance que nous proposons. Cette galerie offre un aper\u00e7u direct de ce que vous pouvez attendre lors de votre s\u00e9jour \u00e0 l&rsquo;ITO one.[\/vc_column_text][\/vc_column][\/vc_row][vc_row][vc_column][vc_column_text]<\/p>\n\n\t\t<div id='gallery-1' class='gallery galleryid-850 gallery-columns-3 gallery-size-full'><div class='gallery-item'><div class='gallery-icon'><a href=\"https:\/\/www.ito-one.com\/wp-content\/uploads\/2024\/04\/louer-chambre-hotel-nature-corse.webp\" data-gal=\"prettyPhoto[gallery-1]\" title=\"louer-chambre-hotel-nature-corse\"><img decoding=\"async\" src=\"https:\/\/www.ito-one.com\/wp-content\/uploads\/2024\/04\/louer-chambre-hotel-nature-corse.webp\" alt=\"\" \/><\/a><\/div><\/div><div class='gallery-item'><div class='gallery-icon'><a href=\"https:\/\/www.ito-one.com\/wp-content\/uploads\/2024\/04\/reserver-hotel-piscine-luxe.webp\" data-gal=\"prettyPhoto[gallery-1]\" title=\"reserver-hotel-piscine-luxe\"><img decoding=\"async\" src=\"https:\/\/www.ito-one.com\/wp-content\/uploads\/2024\/04\/reserver-hotel-piscine-luxe.webp\" alt=\"\" \/><\/a><\/div><\/div><div class='gallery-item'><div class='gallery-icon'><a href=\"https:\/\/www.ito-one.com\/wp-content\/uploads\/2024\/04\/louer-appart-luxe-corse.webp\" data-gal=\"prettyPhoto[gallery-1]\" title=\"louer-appart-luxe-corse\"><img decoding=\"async\" src=\"https:\/\/www.ito-one.com\/wp-content\/uploads\/2024\/04\/louer-appart-luxe-corse.webp\" alt=\"\" \/><\/a><\/div><\/div><div class='gallery-item'><div class='gallery-icon'><a href=\"https:\/\/www.ito-one.com\/wp-content\/uploads\/2024\/04\/reservation-chambre-luxe-bord-de-mer.webp\" data-gal=\"prettyPhoto[gallery-1]\" title=\"reservation-chambre-luxe-bord-de-mer\"><img decoding=\"async\" src=\"https:\/\/www.ito-one.com\/wp-content\/uploads\/2024\/04\/reservation-chambre-luxe-bord-de-mer.webp\" alt=\"\" \/><\/a><\/div><\/div><div class='gallery-item'><div class='gallery-icon'><a href=\"https:\/\/www.ito-one.com\/wp-content\/uploads\/2024\/04\/location-chambre-Porto-Vecchio.webp\" data-gal=\"prettyPhoto[gallery-1]\" title=\"location-chambre-Porto-Vecchio\"><img decoding=\"async\" src=\"https:\/\/www.ito-one.com\/wp-content\/uploads\/2024\/04\/location-chambre-Porto-Vecchio.webp\" alt=\"\" \/><\/a><\/div><\/div><div class='gallery-item'><div class='gallery-icon'><a href=\"https:\/\/www.ito-one.com\/wp-content\/uploads\/2024\/04\/chambre-de-reve-a-louer-corse.webp\" data-gal=\"prettyPhoto[gallery-1]\" title=\"chambre-de-reve-a-louer-corse\"><img decoding=\"async\" src=\"https:\/\/www.ito-one.com\/wp-content\/uploads\/2024\/04\/chambre-de-reve-a-louer-corse.webp\" alt=\"\" \/><\/a><\/div><\/div><div class='gallery-item'><div class='gallery-icon'><a href=\"https:\/\/www.ito-one.com\/wp-content\/uploads\/2024\/04\/restaurant-hotel-Ito-One-corse.webp\" data-gal=\"prettyPhoto[gallery-1]\" title=\"restaurant-hotel-Ito-One-corse\"><img decoding=\"async\" src=\"https:\/\/www.ito-one.com\/wp-content\/uploads\/2024\/04\/restaurant-hotel-Ito-One-corse.webp\" alt=\"\" \/><\/a><\/div><\/div><div class='gallery-item'><div class='gallery-icon'><a href=\"https:\/\/www.ito-one.com\/wp-content\/uploads\/2024\/04\/petit-dejeuner-vue-sur-la-mer.webp\" data-gal=\"prettyPhoto[gallery-1]\" title=\"petit-dejeuner-vue-sur-la-mer\"><img decoding=\"async\" src=\"https:\/\/www.ito-one.com\/wp-content\/uploads\/2024\/04\/petit-dejeuner-vue-sur-la-mer.webp\" alt=\"\" \/><\/a><\/div><\/div><div class='gallery-item'><div class='gallery-icon'><a href=\"https:\/\/www.ito-one.com\/wp-content\/uploads\/2024\/04\/chambre-de-luxe-a-louer-avec-piscine.webp\" data-gal=\"prettyPhoto[gallery-1]\" title=\"chambre-de-luxe-a-louer-avec-piscine\"><img decoding=\"async\" src=\"https:\/\/www.ito-one.com\/wp-content\/uploads\/2024\/04\/chambre-de-luxe-a-louer-avec-piscine.webp\" alt=\"\" \/><\/a><\/div><\/div>\n\t\t\t<br style='clear: both;' \/>\n\t\t<\/div>\n\n<p>[\/vc_column_text][vc_empty_space height=\u00a0\u00bb30px\u00a0\u00bb][\/vc_column][\/vc_row]<\/p>\n<\/section>","protected":false},"excerpt":{"rendered":"<p>[vc_row][vc_column][vc_column_text]Visitez notre galerie de photos pour une vue d&rsquo;ensemble de l&rsquo;h\u00f4tel ITO one, situ\u00e9 en Corse, surplombant la baie de Pinarello. Nos photos r\u00e9centes pr\u00e9sentent \u00e0 la fois les int\u00e9rieurs et ext\u00e9rieurs de l&rsquo;\u00e9tablissement, capturant l&rsquo;architecture moderne et les \u00e9quipements de luxe tels que la piscine et le jacuzzi. Les images montrent \u00e9galement les chambres<\/p>\n<a href=\"https:\/\/www.ito-one.com\/fr\/galerie\/\" class=\"sohohotel-more-link\">En savoir plus<\/a>","protected":false},"author":1,"featured_media":0,"parent":0,"menu_order":0,"comment_status":"closed","ping_status":"closed","template":"","meta":{"_acf_changed":false,"footnotes":""},"acf":[],"_links":{"self":[{"href":"https:\/\/www.ito-one.com\/fr\/wp-json\/wp\/v2\/pages\/850"}],"collection":[{"href":"https:\/\/www.ito-one.com\/fr\/wp-json\/wp\/v2\/pages"}],"about":[{"href":"https:\/\/www.ito-one.com\/fr\/wp-json\/wp\/v2\/types\/page"}],"author":[{"embeddable":true,"href":"https:\/\/www.ito-one.com\/fr\/wp-json\/wp\/v2\/users\/1"}],"replies":[{"embeddable":true,"href":"https:\/\/www.ito-one.com\/fr\/wp-json\/wp\/v2\/comments?post=850"}],"version-history":[{"count":8,"href":"https:\/\/www.ito-one.com\/fr\/wp-json\/wp\/v2\/pages\/850\/revisions"}],"predecessor-version":[{"id":1277,"href":"https:\/\/www.ito-one.com\/fr\/wp-json\/wp\/v2\/pages\/850\/revisions\/1277"}],"wp:attachment":[{"href":"https:\/\/www.ito-one.com\/fr\/wp-json\/wp\/v2\/media?parent=850"}],"curies":[{"name":"wp","href":"https:\/\/api.w.org\/{rel}","templated":true}]}}