{"id":832,"date":"2023-10-06T12:06:05","date_gmt":"2023-10-06T11:06:05","guid":{"rendered":"https:\/\/www.ito-one.com\/blog-ii\/"},"modified":"2024-05-31T14:12:11","modified_gmt":"2024-05-31T13:12:11","slug":"blog","status":"publish","type":"page","link":"https:\/\/www.ito-one.com\/fr\/blog\/","title":{"rendered":"Blog"},"content":{"rendered":"<section class=\"wpb-content-wrapper\"><p>[vc_row][vc_column]\t\t\t<p>Aucun article n&#039;a encore \u00e9t\u00e9 publi\u00e9 pour le moment<\/p>\n\t\t\t\t\n\t\t[vc_empty_space height=\u00a0\u00bb30px\u00a0\u00bb][\/vc_column][\/vc_row]<\/p>\n<\/section>","protected":false},"excerpt":{"rendered":"<p>[vc_row][vc_column][vc_empty_space height=\u00a0\u00bb30px\u00a0\u00bb][\/vc_column][\/vc_row]<\/p>\n<a href=\"https:\/\/www.ito-one.com\/fr\/blog\/\" class=\"sohohotel-more-link\">En savoir plus<\/a>","protected":false},"author":1,"featured_media":0,"parent":0,"menu_order":0,"comment_status":"closed","ping_status":"closed","template":"","meta":{"_acf_changed":false,"footnotes":""},"acf":[],"_links":{"self":[{"href":"https:\/\/www.ito-one.com\/fr\/wp-json\/wp\/v2\/pages\/832"}],"collection":[{"href":"https:\/\/www.ito-one.com\/fr\/wp-json\/wp\/v2\/pages"}],"about":[{"href":"https:\/\/www.ito-one.com\/fr\/wp-json\/wp\/v2\/types\/page"}],"author":[{"embeddable":true,"href":"https:\/\/www.ito-one.com\/fr\/wp-json\/wp\/v2\/users\/1"}],"replies":[{"embeddable":true,"href":"https:\/\/www.ito-one.com\/fr\/wp-json\/wp\/v2\/comments?post=832"}],"version-history":[{"count":2,"href":"https:\/\/www.ito-one.com\/fr\/wp-json\/wp\/v2\/pages\/832\/revisions"}],"predecessor-version":[{"id":1741,"href":"https:\/\/www.ito-one.com\/fr\/wp-json\/wp\/v2\/pages\/832\/revisions\/1741"}],"wp:attachment":[{"href":"https:\/\/www.ito-one.com\/fr\/wp-json\/wp\/v2\/media?parent=832"}],"curies":[{"name":"wp","href":"https:\/\/api.w.org\/{rel}","templated":true}]}}