{"id":823,"date":"2023-10-06T12:06:04","date_gmt":"2023-10-06T11:06:04","guid":{"rendered":"https:\/\/www.ito-one.com\/about-us-i\/"},"modified":"2024-05-31T14:11:35","modified_gmt":"2024-05-31T13:11:35","slug":"hotel","status":"publish","type":"page","link":"https:\/\/www.ito-one.com\/fr\/hotel\/","title":{"rendered":"L&rsquo;h\u00f4tel"},"content":{"rendered":"<section class=\"wpb-content-wrapper\"><p>[vc_row el_class=\u00a0\u00bbsohohotel-content-inner\u00a0\u00bb][vc_column]<h3 class=\"sohohotel-title-28px sohohotel-clearfix sohohotel-title-center\">Une location unique \u00e0 Porto-Vecchio<\/h3>[vc_empty_space height=\u00a0\u00bb40px\u00a0\u00bb]<h3 class=\"sohohotel-title-25px sohohotel-clearfix sohohotel-title-left\">Id\u00e9al pour une location \u00e0 la semaine ou plus<\/h3>[vc_column_text]Bienvenue \u00e0 l&rsquo;h\u00f4tel Ito-One, une cr\u00e9ation sign\u00e9e Ora Ito, nich\u00e9 \u00e0 flanc de colline \u00e0 quelques encablures de Porto-Vecchio en Corse. Ici, l&rsquo;architecture moderne et le design avant-gardiste rencontrent la splendeur naturelle de l&rsquo;\u00eele, offrant \u00e0 nos h\u00f4tes une exp\u00e9rience inoubliable o\u00f9 le luxe rencontre la tranquillit\u00e9.<\/p>\n<p>Chaque \u00e9l\u00e9ment de l&rsquo;hotel Ito-One a \u00e9t\u00e9 soigneusement con\u00e7u pour se fondre harmonieusement avec la nature environnante, tout en mettant en valeur des vues imprenables sur la mer M\u00e9diterran\u00e9e. Les mat\u00e9riaux nobles, tels que le ch\u00eane et la pierre corse, sont utilis\u00e9s non seulement pour leur beaut\u00e9 esth\u00e9tique mais aussi pour leur durabilit\u00e9, cr\u00e9ant des espaces \u00e0 la fois \u00e9l\u00e9gants et respectueux de l&rsquo;environnement.<\/p>\n<p>Nos chambres et suites \u00e0 louer offrent le summum du confort moderne, chaque fen\u00eatre encadrant des vues pittoresques comme des tableaux vivants. Le salon et les espaces communs invitent \u00e0 la d\u00e9tente et \u00e0 la socialisation, dans un d\u00e9cor qui m\u00eale \u00e9l\u00e9gance contemporaine et touches de design inspir\u00e9es par l&rsquo;art et la culture locaux.<\/p>\n<p>Profitez de la piscine \u00e0 d\u00e9bordement, o\u00f9 l&rsquo;eau semble se fondre avec l&rsquo;azur, ou d\u00e9tendez-vous dans le jacuzzi, parfait pour admirer le coucher de soleil, ou acc\u00e9dez \u00e0 la magnifique plage en moins de 5 minutes.<\/p>\n<p>Notre personnel, toujours \u00e0 votre disposition mais discret, assure un service impeccable et personnalis\u00e9, garantissant que chaque aspect de votre s\u00e9jour soit sans faille. La s\u00e9curit\u00e9 est primordiale, avec une entr\u00e9e s\u00e9curis\u00e9e et une surveillance continue pour une tranquillit\u00e9 d&rsquo;esprit totale.<\/p>\n<p>\u00c0 l&rsquo;Ito-One, nous croyons que l&rsquo;hospitalit\u00e9 Corse va au-del\u00e0 de simples commodit\u00e9s; c&rsquo;est une invitation \u00e0 vivre pleinement l&rsquo;instant pr\u00e9sent, \u00e0 savourer chaque seconde dans un cadre de pure beaut\u00e9. Que ce soit pour une nuit ou pour une \u00e9chapp\u00e9e plus longue, nous sommes l\u00e0 pour faire de votre s\u00e9jour une suite de moments parfaits, suspendus entre ciel et mer.<\/p>\n<p>D\u00e9couvrez l&rsquo;h\u00f4tel tr\u00e8s particulier Ito-One, o\u00f9 chaque visite devient un chapitre pr\u00e9cieux de votre histoire de voyages.[\/vc_column_text][vc_empty_space height=\u00a0\u00bb40px\u00a0\u00bb][\/vc_column][\/vc_row][vc_row][vc_column]<div class=\"sohohotel-video-thumbnail-wrapper\"><div class=\"sohohotel-video-play\"><a href=\"https:\/\/www.youtube.com\/watch?v=VrE0pphwnPQ\" data-gal=\"prettyPhoto\"><i class=\"fa fa-play\"><\/i><\/a><\/div><div class=\"sohohotel-video-thumbnail-overlay\"><\/div><img decoding=\"async\" src=\"https:\/\/www.ito-one.com\/wp-content\/uploads\/2024\/04\/Maison-Ito-One-Slider-1.webp\" alt=\"\" \/><\/div>[\/vc_column][\/vc_row][vc_row el_class=\u00a0\u00bbsohohotel-content-inner\u00a0\u00bb][vc_column]<h3 class=\"sohohotel-title-25px sohohotel-clearfix sohohotel-title-center\">Questions &amp; R\u00e9ponses<\/h3>[vc_toggle title=\u00a0\u00bb\u00c0 quelle heure sont le check-in et le check-out ?\u00a0\u00bb]Votre arriv\u00e9e est possible \u00e0 partir de 11h00 et vous devrez avoir quitter la chambe \u00e0 17h00.[\/vc_toggle][vc_toggle title=\u00a0\u00bbEst-il possible d&rsquo;adapter les heures de check-in \/ check-out ?\u00a0\u00bb]Cela d\u00e9pend des r\u00e9servations, contactez-nous pour plus d&rsquo;informations.[\/vc_toggle][vc_toggle title=\u00a0\u00bbEst-il possible de se garer au parking de l&rsquo;h\u00f4tel ?\u00a0\u00bb]Absolument, et le parking est gratuit pour notre client\u00e8le.[\/vc_toggle][vc_toggle title=\u00a0\u00bbEst-ce que le petit d\u00e9jeuner est inclus ?\u00a0\u00bb]Le petit d\u00e9jeuner continental est inclus dans toutes nos formules. Possibilit\u00e9 d&rsquo;extra \u00e0 la carte sur demande 24h avant.[\/vc_toggle][vc_toggle title=\u00a0\u00bbEst-ce que les animaux sont accept\u00e9s ?\u00a0\u00bb]Veuillez contacter en direct notre \u00e9quipe pour voir dans quelles mesures vous pouvez venir avec vos animaux de compagnie.[\/vc_toggle][vc_toggle title=\u00a0\u00bbComment se rendre \u00e0 l&rsquo;h\u00f4tel ?\u00a0\u00bb]Retrouvez l&rsquo;adresse de notre h\u00f4tel et la carte associ\u00e9e sur notre page contact.[\/vc_toggle][vc_toggle title=\u00a0\u00bbComment contacter l&rsquo;h\u00f4tel ?\u00a0\u00bb]Retrouvez toutes nos coordonn\u00e9es sur la page contact de notre site.[\/vc_toggle][vc_toggle title=\u00a0\u00bbQuelle est votre politique d&rsquo;annulation \/ remboursement ?\u00a0\u00bb]Retrouvez le d\u00e9tail de nos CGV dans le footer de notre siteweb.[\/vc_toggle][vc_empty_space height=\u00a0\u00bb60px\u00a0\u00bb][\/vc_column][\/vc_row][vc_row][vc_column][vc_column_text]<\/p>\n\n\t\t<div id='gallery-1' class='gallery galleryid-823 gallery-columns-4 gallery-size-full'><div class='gallery-item'><div class='gallery-icon'><a href=\"https:\/\/www.ito-one.com\/wp-content\/uploads\/2024\/04\/hotel-Corse-plage-Sainte-Lucie-Porto-Vecchio.webp\" data-gal=\"prettyPhoto[gallery-1]\" title=\"hotel-Corse-plage-Sainte-Lucie-Porto-Vecchio\"><img decoding=\"async\" src=\"https:\/\/www.ito-one.com\/wp-content\/uploads\/2024\/04\/hotel-Corse-plage-Sainte-Lucie-Porto-Vecchio.webp\" alt=\"\" \/><\/a><\/div><\/div><div class='gallery-item'><div class='gallery-icon'><a href=\"https:\/\/www.ito-one.com\/wp-content\/uploads\/2024\/04\/chambre-a-louer-corse-nature.webp\" data-gal=\"prettyPhoto[gallery-1]\" title=\"chambre-a-louer-corse-nature\"><img decoding=\"async\" src=\"https:\/\/www.ito-one.com\/wp-content\/uploads\/2024\/04\/chambre-a-louer-corse-nature.webp\" alt=\"\" \/><\/a><\/div><\/div><div class='gallery-item'><div class='gallery-icon'><a href=\"https:\/\/www.ito-one.com\/wp-content\/uploads\/2024\/04\/chambre-hotel-luxe-bord-de-mer-corse.webp\" data-gal=\"prettyPhoto[gallery-1]\" title=\"chambre-hotel-luxe-bord-de-mer-corse\"><img decoding=\"async\" src=\"https:\/\/www.ito-one.com\/wp-content\/uploads\/2024\/04\/chambre-hotel-luxe-bord-de-mer-corse.webp\" alt=\"\" \/><\/a><\/div><\/div><div class='gallery-item'><div class='gallery-icon'><a href=\"https:\/\/www.ito-one.com\/wp-content\/uploads\/2024\/04\/chambre-a-louer-avec-piscine-jacuzzi.webp\" data-gal=\"prettyPhoto[gallery-1]\" title=\"chambre-a-louer-avec-piscine-jacuzzi\"><img decoding=\"async\" src=\"https:\/\/www.ito-one.com\/wp-content\/uploads\/2024\/04\/chambre-a-louer-avec-piscine-jacuzzi.webp\" alt=\"\" \/><\/a><\/div><\/div>\n\t\t\t<br style='clear: both;' \/>\n\t\t<\/div>\n\n<p>[\/vc_column_text][vc_empty_space height=\u00a0\u00bb30px\u00a0\u00bb][\/vc_column][\/vc_row]<\/p>\n<\/section>","protected":false},"excerpt":{"rendered":"<p>[vc_row el_class=\u00a0\u00bbsohohotel-content-inner\u00a0\u00bb][vc_column][vc_empty_space height=\u00a0\u00bb40px\u00a0\u00bb][vc_column_text]Bienvenue \u00e0 l&rsquo;h\u00f4tel Ito-One, une cr\u00e9ation sign\u00e9e Ora Ito, nich\u00e9 \u00e0 flanc de colline \u00e0 quelques encablures de Porto-Vecchio en Corse. Ici, l&rsquo;architecture moderne et le design avant-gardiste rencontrent la splendeur naturelle de l&rsquo;\u00eele, offrant \u00e0 nos h\u00f4tes une exp\u00e9rience inoubliable o\u00f9 le luxe rencontre la tranquillit\u00e9. Chaque \u00e9l\u00e9ment de l&rsquo;hotel Ito-One a<\/p>\n<a href=\"https:\/\/www.ito-one.com\/fr\/hotel\/\" class=\"sohohotel-more-link\">En savoir plus<\/a>","protected":false},"author":1,"featured_media":0,"parent":0,"menu_order":0,"comment_status":"closed","ping_status":"closed","template":"","meta":{"_acf_changed":false,"footnotes":""},"acf":[],"_links":{"self":[{"href":"https:\/\/www.ito-one.com\/fr\/wp-json\/wp\/v2\/pages\/823"}],"collection":[{"href":"https:\/\/www.ito-one.com\/fr\/wp-json\/wp\/v2\/pages"}],"about":[{"href":"https:\/\/www.ito-one.com\/fr\/wp-json\/wp\/v2\/types\/page"}],"author":[{"embeddable":true,"href":"https:\/\/www.ito-one.com\/fr\/wp-json\/wp\/v2\/users\/1"}],"replies":[{"embeddable":true,"href":"https:\/\/www.ito-one.com\/fr\/wp-json\/wp\/v2\/comments?post=823"}],"version-history":[{"count":15,"href":"https:\/\/www.ito-one.com\/fr\/wp-json\/wp\/v2\/pages\/823\/revisions"}],"predecessor-version":[{"id":1738,"href":"https:\/\/www.ito-one.com\/fr\/wp-json\/wp\/v2\/pages\/823\/revisions\/1738"}],"wp:attachment":[{"href":"https:\/\/www.ito-one.com\/fr\/wp-json\/wp\/v2\/media?parent=823"}],"curies":[{"name":"wp","href":"https:\/\/api.w.org\/{rel}","templated":true}]}}